{"id":4470,"date":"2023-05-31T17:22:22","date_gmt":"2023-05-31T17:22:22","guid":{"rendered":"https:\/\/holz-und-stein-uviusfmu5c.live-website.com\/?page_id=4470"},"modified":"2023-06-04T18:53:28","modified_gmt":"2023-06-04T18:53:28","slug":"farbchema","status":"publish","type":"page","link":"https:\/\/holz-und-stein.de\/en\/farbchema\/","title":{"rendered":"Farbchema"},"content":{"rendered":"<div data-elementor-type=\"wp-page\" data-elementor-id=\"4470\" class=\"elementor elementor-4470\" data-elementor-post-type=\"page\">\n\t\t\t\t<div class=\"elementor-element elementor-element-0043d56 e-flex e-con-boxed e-con e-parent\" data-id=\"0043d56\" data-element_type=\"container\">\n\t\t\t\t\t<div class=\"e-con-inner\">\n\t\t<div class=\"elementor-element elementor-element-423b536 e-con-full e-flex e-con e-parent\" data-id=\"423b536\" data-element_type=\"container\">\n\t\t\t\t<div class=\"elementor-element elementor-element-d366a49 elementor-widget elementor-widget-text-editor\" data-id=\"d366a49\" data-element_type=\"widget\" data-widget_type=\"text-editor.default\">\n\t\t\t\t<div class=\"elementor-widget-container\">\n\t\t\t\t\t\t\t\t\t<p>#72837D\u00a0<\/p><p>H\u00f6lzer, Manufaktur, Stricknadeln, H\u00e4kelnadeln, Kn\u00f6pfe<\/p>\t\t\t\t\t\t\t\t<\/div>\n\t\t\t\t<\/div>\n\t\t\t\t<\/div>\n\t\t<div class=\"elementor-element elementor-element-0cfc61b e-con-full e-flex e-con e-parent\" data-id=\"0cfc61b\" data-element_type=\"container\">\n\t\t\t\t<div class=\"elementor-element elementor-element-8888ddf elementor-widget elementor-widget-text-editor\" data-id=\"8888ddf\" data-element_type=\"widget\" data-widget_type=\"text-editor.default\">\n\t\t\t\t<div class=\"elementor-widget-container\">\n\t\t\t\t\t\t\t\t\t<p>#E3DAC8<\/p><p>H\u00f6lzer, Manufaktur,<\/p><p>knitting needles<\/p><p>Tuchbroschen, Tuchnadeln,<\/p><p>Kn\u00f6pfe, N\u00fctzlinge<\/p>\t\t\t\t\t\t\t\t<\/div>\n\t\t\t\t<\/div>\n\t\t\t\t<\/div>\n\t\t<div class=\"elementor-element elementor-element-fc1f7f7 e-con-full e-flex e-con e-parent\" data-id=\"fc1f7f7\" data-element_type=\"container\">\n\t\t\t\t<div class=\"elementor-element elementor-element-5afd3af elementor-widget elementor-widget-text-editor\" data-id=\"5afd3af\" data-element_type=\"widget\" data-widget_type=\"text-editor.default\">\n\t\t\t\t<div class=\"elementor-widget-container\">\n\t\t\t\t\t\t\t\t\t<p>#E6DBD5<\/p><p>crochet hooks<\/p><p>Templatefarbe<\/p><p>home<\/p>\t\t\t\t\t\t\t\t<\/div>\n\t\t\t\t<\/div>\n\t\t\t\t<\/div>\n\t\t<div class=\"elementor-element elementor-element-0af4ae1 e-con-full e-flex e-con e-parent\" data-id=\"0af4ae1\" data-element_type=\"container\">\n\t\t\t\t<div class=\"elementor-element elementor-element-06da796 elementor-widget elementor-widget-text-editor\" data-id=\"06da796\" data-element_type=\"widget\" data-widget_type=\"text-editor.default\">\n\t\t\t\t<div class=\"elementor-widget-container\">\n\t\t\t\t\t\t\t\t\t<p>#72837DA3<\/p><p>Tuchbroschen, Tuchnadeln<\/p>\t\t\t\t\t\t\t\t<\/div>\n\t\t\t\t<\/div>\n\t\t\t\t<\/div>\n\t\t<div class=\"elementor-element elementor-element-d65bb13 e-con-full e-flex e-con e-parent\" data-id=\"d65bb13\" data-element_type=\"container\">\n\t\t\t\t<div class=\"elementor-element elementor-element-d3d5365 elementor-widget elementor-widget-text-editor\" data-id=\"d3d5365\" data-element_type=\"widget\" data-widget_type=\"text-editor.default\">\n\t\t\t\t<div class=\"elementor-widget-container\">\n\t\t\t\t\t\t\t\t\t<p>#E6DBD569<\/p><p>Feedback<\/p>\t\t\t\t\t\t\t\t<\/div>\n\t\t\t\t<\/div>\n\t\t\t\t<\/div>\n\t\t<div class=\"elementor-element elementor-element-50fbf10 e-con-full e-flex e-con e-parent\" data-id=\"50fbf10\" data-element_type=\"container\">\n\t\t\t\t<div class=\"elementor-element elementor-element-5e2f909 elementor-widget elementor-widget-text-editor\" data-id=\"5e2f909\" data-element_type=\"widget\" data-widget_type=\"text-editor.default\">\n\t\t\t\t<div class=\"elementor-widget-container\">\n\t\t\t\t\t\t\t\t\t<p>#E9E3DD\u00a0<\/p>\t\t\t\t\t\t\t\t<\/div>\n\t\t\t\t<\/div>\n\t\t\t\t<\/div>\n\t\t\t\t\t<\/div>\n\t\t\t\t<\/div>\n\t\t<div class=\"elementor-element elementor-element-9e5e521 e-flex e-con-boxed e-con e-parent\" data-id=\"9e5e521\" data-element_type=\"container\">\n\t\t\t\t\t<div class=\"e-con-inner\">\n\t\t<div class=\"elementor-element elementor-element-2107490 e-con-full e-flex e-con e-parent\" data-id=\"2107490\" data-element_type=\"container\">\n\t\t\t\t<div class=\"elementor-element elementor-element-cba03e8 elementor-widget elementor-widget-text-editor\" data-id=\"cba03e8\" data-element_type=\"widget\" data-widget_type=\"text-editor.default\">\n\t\t\t\t<div class=\"elementor-widget-container\">\n\t\t\t\t\t\t\t\t\t<p>#72837DE3<\/p>\t\t\t\t\t\t\t\t<\/div>\n\t\t\t\t<\/div>\n\t\t\t\t<\/div>\n\t\t<div class=\"elementor-element elementor-element-7aa616e e-con-full e-flex e-con e-parent\" data-id=\"7aa616e\" data-element_type=\"container\">\n\t\t\t\t<div class=\"elementor-element elementor-element-7469303 elementor-widget elementor-widget-text-editor\" data-id=\"7469303\" data-element_type=\"widget\" data-widget_type=\"text-editor.default\">\n\t\t\t\t<div class=\"elementor-widget-container\">\n\t\t\t\t\t\t\t\t\t<p>#FEF5DE73<\/p><p>XXXXXXX<\/p>\t\t\t\t\t\t\t\t<\/div>\n\t\t\t\t<\/div>\n\t\t\t\t<\/div>\n\t\t<div class=\"elementor-element elementor-element-dcea06b e-con-full e-flex e-con e-parent\" data-id=\"dcea06b\" data-element_type=\"container\">\n\t\t\t\t<div class=\"elementor-element elementor-element-91d9ecb elementor-widget elementor-widget-text-editor\" data-id=\"91d9ecb\" data-element_type=\"widget\" data-widget_type=\"text-editor.default\">\n\t\t\t\t<div class=\"elementor-widget-container\">\n\t\t\t\t\t\t\t\t\t<p>#F3EFED<\/p><p>Stricknadeln, H\u00e4kelnadeln<\/p>\t\t\t\t\t\t\t\t<\/div>\n\t\t\t\t<\/div>\n\t\t\t\t<\/div>\n\t\t<div class=\"elementor-element elementor-element-ef9ec05 e-con-full e-flex e-con e-parent\" data-id=\"ef9ec05\" data-element_type=\"container\">\n\t\t\t\t<div class=\"elementor-element elementor-element-a69ccce elementor-widget elementor-widget-text-editor\" data-id=\"a69ccce\" data-element_type=\"widget\" data-widget_type=\"text-editor.default\">\n\t\t\t\t<div class=\"elementor-widget-container\">\n\t\t\t\t\t\t\t\t\t<p>#294239B0<\/p><p>XXXXXXX<\/p>\t\t\t\t\t\t\t\t<\/div>\n\t\t\t\t<\/div>\n\t\t\t\t<\/div>\n\t\t<div class=\"elementor-element elementor-element-5a77cf4 e-con-full e-flex e-con e-parent\" data-id=\"5a77cf4\" data-element_type=\"container\">\n\t\t\t\t<div class=\"elementor-element elementor-element-8e68160 elementor-widget elementor-widget-text-editor\" data-id=\"8e68160\" data-element_type=\"widget\" data-widget_type=\"text-editor.default\">\n\t\t\t\t<div class=\"elementor-widget-container\">\n\t\t\t\t\t\t\t\t\t<p>#B8B1A26B kitt<\/p><p>XXXXXXXX<\/p>\t\t\t\t\t\t\t\t<\/div>\n\t\t\t\t<\/div>\n\t\t\t\t<\/div>\n\t\t<div class=\"elementor-element elementor-element-9227020 e-con-full e-flex e-con e-parent\" data-id=\"9227020\" data-element_type=\"container\">\n\t\t\t\t<div class=\"elementor-element elementor-element-86abd14 elementor-widget elementor-widget-text-editor\" data-id=\"86abd14\" data-element_type=\"widget\" data-widget_type=\"text-editor.default\">\n\t\t\t\t<div class=\"elementor-widget-container\">\n\t\t\t\t\t\t\t\t\t<p>#E6DBD554<\/p><p>home<\/p>\t\t\t\t\t\t\t\t<\/div>\n\t\t\t\t<\/div>\n\t\t\t\t<\/div>\n\t\t\t\t\t<\/div>\n\t\t\t\t<\/div>\n\t\t<div class=\"elementor-element elementor-element-0c159ba e-flex e-con-boxed e-con e-parent\" data-id=\"0c159ba\" data-element_type=\"container\">\n\t\t\t\t\t<div class=\"e-con-inner\">\n\t\t\t\t<div class=\"elementor-element elementor-element-e7054ac elementor-widget elementor-widget-text-editor\" data-id=\"e7054ac\" data-element_type=\"widget\" data-widget_type=\"text-editor.default\">\n\t\t\t\t<div class=\"elementor-widget-container\">\n\t\t\t\t\t\t\t\t\t<p>Lorem ipsum dolor sit amet, consectetur adipiscing elit. Ut elit tellus, luctus nec ullamcorper mattis, pulvinar dapibus leo.<\/p>\t\t\t\t\t\t\t\t<\/div>\n\t\t\t\t<\/div>\n\t\t\t\t\t<\/div>\n\t\t\t\t<\/div>\n\t\t<div class=\"elementor-element elementor-element-6768e8f e-flex e-con-boxed e-con e-parent\" data-id=\"6768e8f\" data-element_type=\"container\">\n\t\t\t\t\t<div class=\"e-con-inner\">\n\t\t\t\t<div class=\"elementor-element elementor-element-53d0343 elementor-widget elementor-widget-text-editor\" data-id=\"53d0343\" data-element_type=\"widget\" data-widget_type=\"text-editor.default\">\n\t\t\t\t<div class=\"elementor-widget-container\">\n\t\t\t\t\t\t\t\t\t<p>#DDCEAF1C<\/p><p>Hauch<\/p>\t\t\t\t\t\t\t\t<\/div>\n\t\t\t\t<\/div>\n\t\t\t\t\t<\/div>\n\t\t\t\t<\/div>\n\t\t<div class=\"elementor-element elementor-element-6296f07 e-flex e-con-boxed e-con e-parent\" data-id=\"6296f07\" data-element_type=\"container\">\n\t\t\t\t\t<div class=\"e-con-inner\">\n\t\t\t\t<div class=\"elementor-element elementor-element-07b34c9 elementor-widget elementor-widget-text-editor\" data-id=\"07b34c9\" data-element_type=\"widget\" data-widget_type=\"text-editor.default\">\n\t\t\t\t<div class=\"elementor-widget-container\">\n\t\t\t\t\t\t\t\t\t<p>#E6DBD554<\/p><p>home<\/p>\t\t\t\t\t\t\t\t<\/div>\n\t\t\t\t<\/div>\n\t\t\t\t\t<\/div>\n\t\t\t\t<\/div>\n\t\t<div class=\"elementor-element elementor-element-3c6e640 e-flex e-con-boxed e-con e-parent\" data-id=\"3c6e640\" data-element_type=\"container\">\n\t\t\t\t\t<div class=\"e-con-inner\">\n\t\t\t\t<div class=\"elementor-element elementor-element-26c9dd1 elementor-widget elementor-widget-text-editor\" data-id=\"26c9dd1\" data-element_type=\"widget\" data-widget_type=\"text-editor.default\">\n\t\t\t\t<div class=\"elementor-widget-container\">\n\t\t\t\t\t\t\t\t\t<p>#E6DBD5<\/p><p>crochet hooks<\/p><p>Templatefarbe<\/p><p>home<\/p>\t\t\t\t\t\t\t\t<\/div>\n\t\t\t\t<\/div>\n\t\t\t\t\t<\/div>\n\t\t\t\t<\/div>\n\t\t<div class=\"elementor-element elementor-element-e959efd e-flex e-con-boxed e-con e-parent\" data-id=\"e959efd\" data-element_type=\"container\">\n\t\t\t\t\t<div class=\"e-con-inner\">\n\t\t\t\t<div class=\"elementor-element elementor-element-1154329 elementor-widget elementor-widget-text-editor\" data-id=\"1154329\" data-element_type=\"widget\" data-widget_type=\"text-editor.default\">\n\t\t\t\t<div class=\"elementor-widget-container\">\n\t\t\t\t\t\t\t\t\t<p>#F3EFED<\/p><p>Stricknadeln, H\u00e4kelnadeln<\/p>\t\t\t\t\t\t\t\t<\/div>\n\t\t\t\t<\/div>\n\t\t\t\t\t<\/div>\n\t\t\t\t<\/div>\n\t\t<div class=\"elementor-element elementor-element-c0ef696 e-flex e-con-boxed e-con e-parent\" data-id=\"c0ef696\" data-element_type=\"container\">\n\t\t\t\t\t<div class=\"e-con-inner\">\n\t\t\t\t<div class=\"elementor-element elementor-element-a38cf80 elementor-widget elementor-widget-text-editor\" data-id=\"a38cf80\" data-element_type=\"widget\" data-widget_type=\"text-editor.default\">\n\t\t\t\t<div class=\"elementor-widget-container\">\n\t\t\t\t\t\t\t\t\t<p>#E9E3DD\u00a0<\/p><p>\u00a0<\/p><p>\u00a0<\/p>\t\t\t\t\t\t\t\t<\/div>\n\t\t\t\t<\/div>\n\t\t\t\t\t<\/div>\n\t\t\t\t<\/div>\n\t\t<div class=\"elementor-element elementor-element-ce57528 e-flex e-con-boxed e-con e-parent\" data-id=\"ce57528\" data-element_type=\"container\">\n\t\t\t\t\t<div class=\"e-con-inner\">\n\t\t\t\t<div class=\"elementor-element elementor-element-2fbb71c elementor-widget elementor-widget-text-editor\" data-id=\"2fbb71c\" data-element_type=\"widget\" data-widget_type=\"text-editor.default\">\n\t\t\t\t<div class=\"elementor-widget-container\">\n\t\t\t\t\t\t\t\t\t<p>#E3DAC8<\/p><p>H\u00f6lzer, Manufaktur, Stricknadeln, Tuchbroschen, Tuchnadeln, Kn\u00f6pfe, N\u00fctzlinge<\/p>\t\t\t\t\t\t\t\t<\/div>\n\t\t\t\t<\/div>\n\t\t\t\t\t<\/div>\n\t\t\t\t<\/div>\n\t\t<div class=\"elementor-element elementor-element-94b6b80 e-flex e-con-boxed e-con e-parent\" data-id=\"94b6b80\" data-element_type=\"container\">\n\t\t\t\t\t<div class=\"e-con-inner\">\n\t\t\t\t<div class=\"elementor-element elementor-element-289ad85 elementor-widget elementor-widget-text-editor\" data-id=\"289ad85\" data-element_type=\"widget\" data-widget_type=\"text-editor.default\">\n\t\t\t\t<div class=\"elementor-widget-container\">\n\t\t\t\t\t\t\t\t\t<p>#72837DA3<\/p><p>Tuchbroschen, Tuchnadeln<\/p>\t\t\t\t\t\t\t\t<\/div>\n\t\t\t\t<\/div>\n\t\t\t\t\t<\/div>\n\t\t\t\t<\/div>\n\t\t<div class=\"elementor-element elementor-element-f3dbb38 e-flex e-con-boxed e-con e-parent\" data-id=\"f3dbb38\" data-element_type=\"container\">\n\t\t\t\t\t<div class=\"e-con-inner\">\n\t\t\t\t<div class=\"elementor-element elementor-element-8b457fa elementor-widget elementor-widget-text-editor\" data-id=\"8b457fa\" data-element_type=\"widget\" data-widget_type=\"text-editor.default\">\n\t\t\t\t<div class=\"elementor-widget-container\">\n\t\t\t\t\t\t\t\t\t<p>#72837DE3<\/p>\t\t\t\t\t\t\t\t<\/div>\n\t\t\t\t<\/div>\n\t\t\t\t\t<\/div>\n\t\t\t\t<\/div>\n\t\t<div class=\"elementor-element elementor-element-35d7f5c e-flex e-con-boxed e-con e-parent\" data-id=\"35d7f5c\" data-element_type=\"container\">\n\t\t\t\t\t<div class=\"e-con-inner\">\n\t\t\t\t<div class=\"elementor-element elementor-element-699c5ea elementor-widget elementor-widget-text-editor\" data-id=\"699c5ea\" data-element_type=\"widget\" data-widget_type=\"text-editor.default\">\n\t\t\t\t<div class=\"elementor-widget-container\">\n\t\t\t\t\t\t\t\t\t<p>#0201010D<\/p><p>#E8E5DE<\/p>\t\t\t\t\t\t\t\t<\/div>\n\t\t\t\t<\/div>\n\t\t\t\t\t<\/div>\n\t\t\t\t<\/div>\n\t\t<div class=\"elementor-element elementor-element-ae91f83 e-flex e-con-boxed e-con e-parent\" data-id=\"ae91f83\" data-element_type=\"container\">\n\t\t\t\t\t<div class=\"e-con-inner\">\n\t\t\t\t<div class=\"elementor-element elementor-element-73cf37f elementor-widget elementor-widget-text-editor\" data-id=\"73cf37f\" data-element_type=\"widget\" data-widget_type=\"text-editor.default\">\n\t\t\t\t<div class=\"elementor-widget-container\">\n\t\t\t\t\t\t\t\t\t<p>#FEF5DE73<\/p>\t\t\t\t\t\t\t\t<\/div>\n\t\t\t\t<\/div>\n\t\t\t\t\t<\/div>\n\t\t\t\t<\/div>\n\t\t<div class=\"elementor-element elementor-element-6bf50c0 e-flex e-con-boxed e-con e-parent\" data-id=\"6bf50c0\" data-element_type=\"container\">\n\t\t\t\t\t<div class=\"e-con-inner\">\n\t\t\t\t<div class=\"elementor-element elementor-element-e3001d9 elementor-widget elementor-widget-text-editor\" data-id=\"e3001d9\" data-element_type=\"widget\" data-widget_type=\"text-editor.default\">\n\t\t\t\t<div class=\"elementor-widget-container\">\n\t\t\t\t\t\t\t\t\t<p>#FFF9F9<\/p><p>\u00a0<\/p><p>\u00a0<\/p>\t\t\t\t\t\t\t\t<\/div>\n\t\t\t\t<\/div>\n\t\t\t\t\t<\/div>\n\t\t\t\t<\/div>\n\t\t\t\t<\/div>","protected":false},"excerpt":{"rendered":"<p>#72837D\u00a0 H\u00f6lzer, Manufaktur, Stricknadeln, H\u00e4kelnadeln, Kn\u00f6pfe #E3DAC8 H\u00f6lzer, Manufaktur, Stricknadeln Tuchbroschen, Tuchnadeln, Kn\u00f6pfe, N\u00fctzlinge #E6DBD5 H\u00e4kelnadeln Templatefarbe home #72837DA3 Tuchbroschen, Tuchnadeln #E6DBD569 Feedback #E9E3DD\u00a0 #72837DE3 #FEF5DE73 XXXXXXX #F3EFED Stricknadeln, H\u00e4kelnadeln #294239B0 XXXXXXX #B8B1A26B kitt XXXXXXXX #E6DBD554 home Lorem ipsum dolor sit amet, consectetur adipiscing elit. Ut elit tellus, luctus nec ullamcorper mattis, pulvinar dapibus leo. [&hellip;]<\/p>","protected":false},"author":2,"featured_media":0,"parent":0,"menu_order":0,"comment_status":"closed","ping_status":"closed","template":"","meta":{"ocean_post_layout":"","ocean_both_sidebars_style":"","ocean_both_sidebars_content_width":0,"ocean_both_sidebars_sidebars_width":0,"ocean_sidebar":"","ocean_second_sidebar":"","ocean_disable_margins":"enable","ocean_add_body_class":"","ocean_shortcode_before_top_bar":"","ocean_shortcode_after_top_bar":"","ocean_shortcode_before_header":"","ocean_shortcode_after_header":"","ocean_has_shortcode":"","ocean_shortcode_after_title":"","ocean_shortcode_before_footer_widgets":"","ocean_shortcode_after_footer_widgets":"","ocean_shortcode_before_footer_bottom":"","ocean_shortcode_after_footer_bottom":"","ocean_display_top_bar":"default","ocean_display_header":"default","ocean_header_style":"","ocean_center_header_left_menu":"","ocean_custom_header_template":"","ocean_custom_logo":0,"ocean_custom_retina_logo":0,"ocean_custom_logo_max_width":0,"ocean_custom_logo_tablet_max_width":0,"ocean_custom_logo_mobile_max_width":0,"ocean_custom_logo_max_height":0,"ocean_custom_logo_tablet_max_height":0,"ocean_custom_logo_mobile_max_height":0,"ocean_header_custom_menu":"","ocean_menu_typo_font_family":"","ocean_menu_typo_font_subset":"","ocean_menu_typo_font_size":0,"ocean_menu_typo_font_size_tablet":0,"ocean_menu_typo_font_size_mobile":0,"ocean_menu_typo_font_size_unit":"px","ocean_menu_typo_font_weight":"","ocean_menu_typo_font_weight_tablet":"","ocean_menu_typo_font_weight_mobile":"","ocean_menu_typo_transform":"","ocean_menu_typo_transform_tablet":"","ocean_menu_typo_transform_mobile":"","ocean_menu_typo_line_height":0,"ocean_menu_typo_line_height_tablet":0,"ocean_menu_typo_line_height_mobile":0,"ocean_menu_typo_line_height_unit":"","ocean_menu_typo_spacing":0,"ocean_menu_typo_spacing_tablet":0,"ocean_menu_typo_spacing_mobile":0,"ocean_menu_typo_spacing_unit":"","ocean_menu_link_color":"","ocean_menu_link_color_hover":"","ocean_menu_link_color_active":"","ocean_menu_link_background":"","ocean_menu_link_hover_background":"","ocean_menu_link_active_background":"","ocean_menu_social_links_bg":"","ocean_menu_social_hover_links_bg":"","ocean_menu_social_links_color":"","ocean_menu_social_hover_links_color":"","ocean_disable_title":"default","ocean_disable_heading":"default","ocean_post_title":"","ocean_post_subheading":"","ocean_post_title_style":"","ocean_post_title_background_color":"","ocean_post_title_background":0,"ocean_post_title_bg_image_position":"","ocean_post_title_bg_image_attachment":"","ocean_post_title_bg_image_repeat":"","ocean_post_title_bg_image_size":"","ocean_post_title_height":0,"ocean_post_title_bg_overlay":0.5,"ocean_post_title_bg_overlay_color":"","ocean_disable_breadcrumbs":"default","ocean_breadcrumbs_color":"","ocean_breadcrumbs_separator_color":"","ocean_breadcrumbs_links_color":"","ocean_breadcrumbs_links_hover_color":"","ocean_display_footer_widgets":"default","ocean_display_footer_bottom":"default","ocean_custom_footer_template":"","footnotes":""},"class_list":["post-4470","page","type-page","status-publish","hentry","entry"],"_links":{"self":[{"href":"https:\/\/holz-und-stein.de\/en\/wp-json\/wp\/v2\/pages\/4470","targetHints":{"allow":["GET"]}}],"collection":[{"href":"https:\/\/holz-und-stein.de\/en\/wp-json\/wp\/v2\/pages"}],"about":[{"href":"https:\/\/holz-und-stein.de\/en\/wp-json\/wp\/v2\/types\/page"}],"author":[{"embeddable":true,"href":"https:\/\/holz-und-stein.de\/en\/wp-json\/wp\/v2\/users\/2"}],"replies":[{"embeddable":true,"href":"https:\/\/holz-und-stein.de\/en\/wp-json\/wp\/v2\/comments?post=4470"}],"version-history":[{"count":0,"href":"https:\/\/holz-und-stein.de\/en\/wp-json\/wp\/v2\/pages\/4470\/revisions"}],"wp:attachment":[{"href":"https:\/\/holz-und-stein.de\/en\/wp-json\/wp\/v2\/media?parent=4470"}],"curies":[{"name":"wp","href":"https:\/\/api.w.org\/{rel}","templated":true}]}}